{"id":161,"date":"2016-10-25T15:19:54","date_gmt":"2016-10-25T15:19:54","guid":{"rendered":"http:\/\/lawyer2.mythemecloud.io\/?page_id=161"},"modified":"2025-02-13T22:07:51","modified_gmt":"2025-02-13T22:07:51","slug":"home","status":"publish","type":"page","link":"https:\/\/resirg.org\/beta\/","title":{"rendered":"Accueil"},"content":{"rendered":"\t\t<div data-elementor-type=\"wp-page\" data-elementor-id=\"161\" class=\"elementor elementor-161\">\n\t\t\t\t\t\t<section class=\"elementor-section elementor-top-section elementor-element elementor-element-9254b97 elementor-section-boxed elementor-section-height-default elementor-section-height-default\" data-id=\"9254b97\" data-element_type=\"section\">\n\t\t\t\t\t\t<div class=\"elementor-container elementor-column-gap-default\">\n\t\t\t\t\t<div class=\"elementor-column elementor-col-100 elementor-top-column elementor-element elementor-element-5cf4398\" data-id=\"5cf4398\" data-element_type=\"column\">\n\t\t\t<div class=\"elementor-widget-wrap elementor-element-populated\">\n\t\t\t\t\t\t<div class=\"elementor-element elementor-element-f51f02b elementor-widget elementor-widget-image\" data-id=\"f51f02b\" data-element_type=\"widget\" data-widget_type=\"image.default\">\n\t\t\t\t<div class=\"elementor-widget-container\">\n\t\t\t\t\t\t\t\t\t\t\t\t\t\t\t\t<a href=\"https:\/\/resirg.org\/beta\/programe\/\">\n\t\t\t\t\t\t\t<img fetchpriority=\"high\" decoding=\"async\" width=\"240\" height=\"300\" src=\"https:\/\/resirg.org\/beta\/wp-content\/uploads\/2025\/02\/invitation-1-240x300.jpg\" class=\"attachment-medium size-medium wp-image-1130\" alt=\"\" srcset=\"https:\/\/resirg.org\/beta\/wp-content\/uploads\/2025\/02\/invitation-1-240x300.jpg 240w, https:\/\/resirg.org\/beta\/wp-content\/uploads\/2025\/02\/invitation-1-819x1024.jpg 819w, https:\/\/resirg.org\/beta\/wp-content\/uploads\/2025\/02\/invitation-1-768x960.jpg 768w, https:\/\/resirg.org\/beta\/wp-content\/uploads\/2025\/02\/invitation-1.jpg 1080w\" sizes=\"(max-width: 240px) 100vw, 240px\" \/>\t\t\t\t\t\t\t\t<\/a>\n\t\t\t\t\t\t\t\t\t\t\t\t\t\t\t<\/div>\n\t\t\t\t<\/div>\n\t\t\t\t\t<\/div>\n\t\t<\/div>\n\t\t\t\t\t<\/div>\n\t\t<\/section>\n\t\t\t\t<section class=\"elementor-section elementor-top-section elementor-element elementor-element-54fb417 elementor-section-boxed elementor-section-height-default elementor-section-height-default\" data-id=\"54fb417\" data-element_type=\"section\">\n\t\t\t\t\t\t<div class=\"elementor-container elementor-column-gap-default\">\n\t\t\t\t\t<div class=\"elementor-column elementor-col-100 elementor-top-column elementor-element elementor-element-e05a871\" data-id=\"e05a871\" data-element_type=\"column\">\n\t\t\t<div class=\"elementor-widget-wrap elementor-element-populated\">\n\t\t\t\t\t\t<div class=\"elementor-element elementor-element-49712e3 elementor-widget elementor-widget-text-editor\" data-id=\"49712e3\" data-element_type=\"widget\" data-widget_type=\"text-editor.default\">\n\t\t\t\t<div class=\"elementor-widget-container\">\n\t\t\t\t\t\t\t\t\t<h2><img decoding=\"async\" class=\"size-medium wp-image-803 alignright\" src=\"https:\/\/resirg.org\/beta\/wp-content\/uploads\/2020\/03\/Mazina-Deo-300x189.jpg\" alt=\"\" width=\"300\" height=\"189\" srcset=\"https:\/\/resirg.org\/beta\/wp-content\/uploads\/2020\/03\/Mazina-Deo-300x189.jpg 300w, https:\/\/resirg.org\/beta\/wp-content\/uploads\/2020\/03\/Mazina-Deo.jpg 420w\" sizes=\"(max-width: 300px) 100vw, 300px\" \/><\/h2><h2>R\u00e9seau International Recherche &amp; G\u00e9nocide (RESIRG asbl)<\/h2><p>Bienvenue sur le site du R\u00e9seau International Recherche &amp; G\u00e9nocide (RESIRG asbl). Sur ce site, vous y trouverez toutes les informations concernant nos missions, nos actions, nos projets, nos publications et nos archives.<br \/>Ce site web vous permettra de :<\/p><ul><li>Obtenir les informations r\u00e9centes sur le g\u00e9nocide perp\u00e9tr\u00e9 contre les Tutsis au Rwanda en 1994 (actualit\u00e9);<\/li><li>Consulter certaines publications, rapports, th\u00e8ses publi\u00e9s en lien avec ce g\u00e9nocide (si accessible au public) ;<\/li><li>Consulter les infos sur nos projets en cours et ceux qui sont d\u00e9j\u00e0 termin\u00e9s ;<\/li><li>Etre au courant des activit\u00e9s du RESIRG.<\/li><\/ul>\t\t\t\t\t\t\t\t<\/div>\n\t\t\t\t<\/div>\n\t\t\t\t<div class=\"elementor-element elementor-element-698edda elementor-widget elementor-widget-wp-widget-recent-posts\" data-id=\"698edda\" data-element_type=\"widget\" data-widget_type=\"wp-widget-recent-posts.default\">\n\t\t\t\t<div class=\"elementor-widget-container\">\n\t\t\t\t\t\n\t\t\n\t\t<h5>Recent Posts<\/h5>\n\t\t<ul>\n\t\t\t\t\t\t\t\t\t\t\t<li>\n\t\t\t\t\t<a href=\"https:\/\/resirg.org\/beta\/communique-du-resirg-a-loccasion-de-la-32eme-commemoration-des-victimes-du-genocide-perpetre-contre-les-tutsis-du-rwanda-en-1994\/\">Communiqu\u00e9 du RESIRG \u00e0 l\u2019occasion de la 32\u00e8me Comm\u00e9moration des victimes du G\u00e9nocide perp\u00e9tr\u00e9 contre les Tutsis du Rwanda en 1994<\/a>\n\t\t\t\t\t\t\t\t\t<\/li>\n\t\t\t\t\t\t\t\t\t\t\t<li>\n\t\t\t\t\t<a href=\"https:\/\/resirg.org\/beta\/eric-gillet-colloque-resirg-du-22-fevrier-2025-ulbla-justice-au-coeur-de-la-reappropriation-de-lhistoireeric-gillet\/\">Eric Gillet, Colloque RESIRG du 22 f\u00e9vrier 2025, ULBLa Justice au c\u0153ur de la r\u00e9appropriation de l\u2019histoireEric Gillet<\/a>\n\t\t\t\t\t\t\t\t\t<\/li>\n\t\t\t\t\t\t\t\t\t\t\t<li>\n\t\t\t\t\t<a href=\"https:\/\/resirg.org\/beta\/presentation-lors-du-colloque-la-justice-et-lecriture-de-lhistoire-les-lecons-du-genocide-perpetrecontre-les-tutsis-du-rwanda-en-1994-universite-libre-de-bruxelles-22-fevrier-2025preventi\/\">Pr\u00e9sentation lors du colloque &#8220;La justice et l&#8217;\u00e9criture de l&#8217;histoire, les le\u00e7ons du g\u00e9nocide perp\u00e9tr\u00e9contre les Tutsis du Rwanda en 1994 &#8221; (Universit\u00e9 Libre de Bruxelles, 22 f\u00e9vrier 2025)Pr\u00e9vention et d\u00e9finition des g\u00e9nocides dans la jurisprudence de la Cour internationale de justiceVincent Depaigne<\/a>\n\t\t\t\t\t\t\t\t\t<\/li>\n\t\t\t\t\t\t\t\t\t\t\t<li>\n\t\t\t\t\t<a href=\"https:\/\/resirg.org\/beta\/justice-a-t-elle-ete-rendue-aux-armeniens\/\">Justice a-t-elle \u00e9t\u00e9 rendue aux Arm\u00e9niens\u00a0?<\/a>\n\t\t\t\t\t\t\t\t\t<\/li>\n\t\t\t\t\t\t\t\t\t\t\t<li>\n\t\t\t\t\t<a href=\"https:\/\/resirg.org\/beta\/colloque-resirg-mot-dintroduction-et-de-contextualisation-du-colloque\/\">Colloque RESIRG: Mot d&#8217;introduction et de contextualisation du colloque<\/a>\n\t\t\t\t\t\t\t\t\t<\/li>\n\t\t\t\t\t<\/ul>\n\n\t\t\t\t\t\t<\/div>\n\t\t\t\t<\/div>\n\t\t\t\t\t<\/div>\n\t\t<\/div>\n\t\t\t\t\t<\/div>\n\t\t<\/section>\n\t\t\t\t<section class=\"elementor-section elementor-top-section elementor-element elementor-element-147be05 elementor-section-boxed elementor-section-height-default elementor-section-height-default\" data-id=\"147be05\" data-element_type=\"section\">\n\t\t\t\t\t\t<div class=\"elementor-container elementor-column-gap-default\">\n\t\t\t\t\t<div class=\"elementor-column elementor-col-50 elementor-top-column elementor-element elementor-element-ad5125a\" data-id=\"ad5125a\" data-element_type=\"column\">\n\t\t\t<div class=\"elementor-widget-wrap elementor-element-populated\">\n\t\t\t\t\t\t<div class=\"elementor-element elementor-element-5271e1b elementor-shape-rounded elementor-grid-0 e-grid-align-center elementor-widget elementor-widget-social-icons\" data-id=\"5271e1b\" data-element_type=\"widget\" data-widget_type=\"social-icons.default\">\n\t\t\t\t<div class=\"elementor-widget-container\">\n\t\t\t\t\t\t\t<div class=\"elementor-social-icons-wrapper elementor-grid\">\n\t\t\t\t\t\t\t<span class=\"elementor-grid-item\">\n\t\t\t\t\t<a class=\"elementor-icon elementor-social-icon elementor-social-icon-facebook elementor-repeater-item-39e466c\" target=\"_blank\">\n\t\t\t\t\t\t<span class=\"elementor-screen-only\">Facebook<\/span>\n\t\t\t\t\t\t<i class=\"fab fa-facebook\"><\/i>\t\t\t\t\t<\/a>\n\t\t\t\t<\/span>\n\t\t\t\t\t\t\t<span class=\"elementor-grid-item\">\n\t\t\t\t\t<a class=\"elementor-icon elementor-social-icon elementor-social-icon-twitter elementor-repeater-item-b0abcdb\" target=\"_blank\">\n\t\t\t\t\t\t<span class=\"elementor-screen-only\">Twitter<\/span>\n\t\t\t\t\t\t<i class=\"fab fa-twitter\"><\/i>\t\t\t\t\t<\/a>\n\t\t\t\t<\/span>\n\t\t\t\t\t\t\t<span class=\"elementor-grid-item\">\n\t\t\t\t\t<a class=\"elementor-icon elementor-social-icon elementor-social-icon-youtube elementor-repeater-item-635e9dd\" target=\"_blank\">\n\t\t\t\t\t\t<span class=\"elementor-screen-only\">Youtube<\/span>\n\t\t\t\t\t\t<i class=\"fab fa-youtube\"><\/i>\t\t\t\t\t<\/a>\n\t\t\t\t<\/span>\n\t\t\t\t\t<\/div>\n\t\t\t\t\t\t<\/div>\n\t\t\t\t<\/div>\n\t\t\t\t\t<\/div>\n\t\t<\/div>\n\t\t\t\t<div class=\"elementor-column elementor-col-50 elementor-top-column elementor-element elementor-element-759ccd6\" data-id=\"759ccd6\" data-element_type=\"column\">\n\t\t\t<div class=\"elementor-widget-wrap\">\n\t\t\t\t\t\t\t<\/div>\n\t\t<\/div>\n\t\t\t\t\t<\/div>\n\t\t<\/section>\n\t\t\t\t<\/div>\n\t\t","protected":false},"excerpt":{"rendered":"<div class=\"mh-excerpt\"><p>R\u00e9seau International Recherche &amp; G\u00e9nocide (RESIRG asbl) Bienvenue sur le site du R\u00e9seau International Recherche &amp; G\u00e9nocide (RESIRG asbl). Sur ce site, vous y trouverez <a class=\"mh-excerpt-more\" href=\"https:\/\/resirg.org\/beta\/\" title=\"Accueil\">[&#8230;]<\/a><\/p>\n<\/div>","protected":false},"author":1,"featured_media":0,"parent":0,"menu_order":0,"comment_status":"closed","ping_status":"closed","template":"","meta":{"footnotes":""},"class_list":["post-161","page","type-page","status-publish","hentry"],"_links":{"self":[{"href":"https:\/\/resirg.org\/beta\/wp-json\/wp\/v2\/pages\/161","targetHints":{"allow":["GET"]}}],"collection":[{"href":"https:\/\/resirg.org\/beta\/wp-json\/wp\/v2\/pages"}],"about":[{"href":"https:\/\/resirg.org\/beta\/wp-json\/wp\/v2\/types\/page"}],"author":[{"embeddable":true,"href":"https:\/\/resirg.org\/beta\/wp-json\/wp\/v2\/users\/1"}],"replies":[{"embeddable":true,"href":"https:\/\/resirg.org\/beta\/wp-json\/wp\/v2\/comments?post=161"}],"version-history":[{"count":101,"href":"https:\/\/resirg.org\/beta\/wp-json\/wp\/v2\/pages\/161\/revisions"}],"predecessor-version":[{"id":1148,"href":"https:\/\/resirg.org\/beta\/wp-json\/wp\/v2\/pages\/161\/revisions\/1148"}],"wp:attachment":[{"href":"https:\/\/resirg.org\/beta\/wp-json\/wp\/v2\/media?parent=161"}],"curies":[{"name":"wp","href":"https:\/\/api.w.org\/{rel}","templated":true}]}}